{"id":414,"date":"2024-11-08T13:44:30","date_gmt":"2024-11-08T13:44:30","guid":{"rendered":"https:\/\/dermissima.pt\/home\/?page_id=414"},"modified":"2025-07-23T19:45:35","modified_gmt":"2025-07-23T19:45:35","slug":"cuidados-ao-pe-e-laser-podologico","status":"publish","type":"page","link":"https:\/\/dermissima.pt\/home\/cuidados-ao-pe-e-laser-podologico\/","title":{"rendered":"Cuidados ao P\u00e9 e Laser Podol\u00f3gico"},"content":{"rendered":"\n\n\n\n\n\n\n\n\n\n\n\n<p style=\"text-align: justify; color: rgb(255, 255, 255);\">O p\u00e9 humano \u00e9 uma maravilha biomec\u00e2nica, composto por um complexo arranjo de ossos \u2013 ambos os p\u00e9s alojam aproximadamente um quarto de todos os ossos do corpo, em conjunto com articula\u00e7\u00f5es, m\u00fasculos e ligamentos que permitem uma ampla gama de movimentos e suportam o peso do corpo, ou seja, os p\u00e9s s\u00e3o a nossa base de sustenta\u00e7\u00e3o.<\/p>\n<p style=\"text-align: justify; color: rgb(255, 255, 255);\">Resumindo, os p\u00e9s s\u00e3o uma estrutura complexa e fascinante que desempenha um papel crucial na nossa mobilidade e equil\u00edbrio, nomeadamente sustentam o peso corporal enquanto nos levantamos, deitamos, caminhamos ou sentamos e qualquer altera\u00e7\u00e3o nesta organiza\u00e7\u00e3o, tornando-os n\u00e3o saud\u00e1veis, pode transformar atividades muito simples num verdadeiro desafio.<\/p>\n<p style=\"text-align: justify; color: rgb(255, 255, 255);\">Os nossos p\u00e9s s\u00e3o expostos a cerca de 10 000 passos di\u00e1rios, sendo este o valor recomendado pela Organiza\u00e7\u00e3o Mundial de Sa\u00fade, passando horas apertados dentro do cal\u00e7ado, o que pode prejudicar os movimentos e agravar patologias podol\u00f3gicas, sem esquecer que os problemas nos p\u00e9s aumentam com a idade.<\/p>\n<p style=\"text-align: justify; color: rgb(255, 255, 255);\">No entanto, muitas vezes, os p\u00e9s s\u00e3o negligenciados nos cuidados di\u00e1rios.<\/p>\n<p style=\"text-align: justify; color: rgb(255, 255, 255);\">P\u00e9s bem cuidados s\u00e3o sin\u00f3nimo de sa\u00fade. Assim, atrav\u00e9s de aten\u00e7\u00e3o necess\u00e1ria e regular de um profissional, com conhecimento especializado podem ser contornados os mais variados casos de necessidades, bem como a ado\u00e7\u00e3o de pr\u00e1ticas de cuidados di\u00e1rios.<\/p>\n<p style=\"text-align: justify; color: rgb(255, 255, 255);\">Na Derm\u00edssima aliamos a Enfermagem aos cuidados ao p\u00e9 para ajudar nas seguintes situa\u00e7\u00f5es, entre outras: calos, calosidades, pele seca, descamativa, gretada ou com fissuras, assim como micoses, verrugas plantares, transpira\u00e7\u00e3o excessiva, feridas e \u00falceras, problemas ungueais como micose na unha, unha encravada, entre outros, p\u00e9 diab\u00e9tico.<\/p>\n<span style=\"color:#ffffff;\"><p style=\"text-align: justify;\">Como coadjuvante ao tratamento da onicomicose, comumente conhecida como micose ou fungo na unha, o espa\u00e7o Derm\u00edssima disp\u00f5e do servi\u00e7o Laser Podol\u00f3gico.<\/p><p style=\"text-align: justify;\">O Laser Podol\u00f3gico \u00e9 um tratamento com elevada efic\u00e1cia nas onicomicoses ou infe\u00e7\u00f5es f\u00fangicas das unhas.<\/p><\/span><p style=\"text-align: justify;\"><\/p>\n<p style=\"text-align: justify; color: rgb(255, 255, 255);\">Existem v\u00e1rios tratamentos para as onicomicoses, o Laser Podol\u00f3gico \u00e9 um deles. H\u00e1 tamb\u00e9m tratamentos com produtos t\u00f3picos e orais, sendo que a decis\u00e3o sobre o tratamento mais adequado depende da natureza e da gravidade da infe\u00e7\u00e3o.<\/p>\n<p style=\"text-align: justify; color: rgb(255, 255, 255);\">O Laser Podol\u00f3gico auxilia no tratamento das infe\u00e7\u00f5es f\u00fangicas por inativa\u00e7\u00e3o das c\u00e9lulas f\u00fangicas, uma vez que a luz do laser incide na l\u00e2mina ungueal (unha) e no tecido adjacente e \u00e9 absorvida pelo pigmento do fungo levando a um aquecimento deste (fototerm\u00f3lise seletiva), danificando-o.<\/p>\n<p style=\"text-align: justify; color: rgb(255, 255, 255);\">Quando eleg\u00edvel, o tratamento a laser \u00e9 altamente eficaz, n\u00e3o tem efeitos colaterais e \u00e9 um procedimento r\u00e1pido.<\/p>\n<p style=\"text-align: justify; color: rgb(255, 255, 255);\">Procure aconselhamento profissional no espa\u00e7o Derm\u00edssima se notar descolora\u00e7\u00e3o, espessamento ou deformidades das suas unhas. Quanto mais precoce for o tratamento, maior \u00e9 a possibilidade de recupera\u00e7\u00e3o.<\/p>\n\n\n","protected":false},"excerpt":{"rendered":"","protected":false},"author":1,"featured_media":0,"parent":0,"menu_order":0,"comment_status":"closed","ping_status":"closed","template":"","meta":{"pagelayer_contact_templates":[],"_pagelayer_content":"","footnotes":""},"class_list":["post-414","page","type-page","status-publish","hentry"],"_links":{"self":[{"href":"https:\/\/dermissima.pt\/home\/wp-json\/wp\/v2\/pages\/414","targetHints":{"allow":["GET"]}}],"collection":[{"href":"https:\/\/dermissima.pt\/home\/wp-json\/wp\/v2\/pages"}],"about":[{"href":"https:\/\/dermissima.pt\/home\/wp-json\/wp\/v2\/types\/page"}],"author":[{"embeddable":true,"href":"https:\/\/dermissima.pt\/home\/wp-json\/wp\/v2\/users\/1"}],"replies":[{"embeddable":true,"href":"https:\/\/dermissima.pt\/home\/wp-json\/wp\/v2\/comments?post=414"}],"version-history":[{"count":5,"href":"https:\/\/dermissima.pt\/home\/wp-json\/wp\/v2\/pages\/414\/revisions"}],"predecessor-version":[{"id":650,"href":"https:\/\/dermissima.pt\/home\/wp-json\/wp\/v2\/pages\/414\/revisions\/650"}],"wp:attachment":[{"href":"https:\/\/dermissima.pt\/home\/wp-json\/wp\/v2\/media?parent=414"}],"curies":[{"name":"wp","href":"https:\/\/api.w.org\/{rel}","templated":true}]}}