{"id":416,"date":"2024-11-08T13:45:08","date_gmt":"2024-11-08T13:45:08","guid":{"rendered":"https:\/\/dermissima.pt\/home\/?page_id=416"},"modified":"2025-07-23T19:40:09","modified_gmt":"2025-07-23T19:40:09","slug":"enfermagem","status":"publish","type":"page","link":"https:\/\/dermissima.pt\/home\/enfermagem\/","title":{"rendered":"Enfermagem"},"content":{"rendered":"\n\n\n\n\n\n\n\n\n\n\n\n<p style=\"text-align: justify; color: rgb(107, 78, 76);\">A equipa da Derm\u00edssima conta com duas Enfermeiras, pelo que procuramos ser um ponto de refer\u00eancia para a popula\u00e7\u00e3o em mat\u00e9rias de sa\u00fade atrav\u00e9s da presta\u00e7\u00e3o de Servi\u00e7os de Enfermagem pontuais ou continuados.<\/p>\n<p style=\"text-align: justify; color: rgb(107, 78, 76);\">O nosso objetivo \u00e9 promover a sa\u00fade e bem-estar, prevenir a doen\u00e7a e contribuir para a melhoria da qualidade de vida dos nossos clientes, tendo sempre presente a humaniza\u00e7\u00e3o dos cuidados prestados.<\/p>\n<span style=\"color:#6B4E4C;\"><p style=\"text-align: justify;\">Procedemos aos mais diversos tipos de Servi\u00e7os de Enfermagem, direcionados a todas as faixas et\u00e1rias, tanto aqui no centro, como ao domic\u00edlio.<\/p><p style=\"text-align: justify;\">Fale connosco, trataremos de si como merece.<\/p><\/span><p style=\"text-align: justify;\"><\/p>\n<span style=\"color:#6B4E4C;\"><p style=\"text-align: justify;\">Servi\u00e7os de Enfermagem:<\/p><p style=\"text-align: justify;\">&#8211; Tratamento de feridas cir\u00fargicas<\/p><p style=\"text-align: justify;\">&#8211; Extra\u00e7\u00e3o de pontos e agrafos<\/p><p style=\"text-align: justify;\">&#8211; Tratamento de feridas agudas<\/p><p style=\"text-align: justify;\">&#8211; Tratamento de \u00falceras de press\u00e3o<\/p><p style=\"text-align: justify;\">&#8211; Tratamento de feridas cr\u00f3nicas<\/p><p style=\"text-align: justify;\">&#8211; Colheita de urina com sonda de esvaziamento<\/p><p style=\"text-align: justify;\">&#8211; Coloca\u00e7\u00e3o e substitui\u00e7\u00e3o de sonda vesical<\/p><p style=\"text-align: justify;\">&#8211; Coloca\u00e7\u00e3o e substitui\u00e7\u00e3o de sonda nasog\u00e1strica<\/p><p style=\"text-align: justify;\">&#8211; Apoio a clientes colostomizados, ileostomizados, entre outros<\/p><p style=\"text-align: justify;\">&#8211; Administra\u00e7\u00e3o de inje\u00e7\u00f5es<\/p><p style=\"text-align: justify;\">&#8211; Administra\u00e7\u00e3o de vacinas<\/p><p style=\"text-align: justify;\">&#8211; Avalia\u00e7\u00e3o de glic\u00e9mia capilar<\/p><p style=\"text-align: justify;\">&#8211; Avalia\u00e7\u00e3o de tens\u00e3o arterial<\/p><\/span><p style=\"text-align: justify;\"><\/p>\n\n\n","protected":false},"excerpt":{"rendered":"","protected":false},"author":1,"featured_media":0,"parent":0,"menu_order":0,"comment_status":"closed","ping_status":"closed","template":"","meta":{"pagelayer_contact_templates":[],"_pagelayer_content":"","footnotes":""},"class_list":["post-416","page","type-page","status-publish","hentry"],"_links":{"self":[{"href":"https:\/\/dermissima.pt\/home\/wp-json\/wp\/v2\/pages\/416","targetHints":{"allow":["GET"]}}],"collection":[{"href":"https:\/\/dermissima.pt\/home\/wp-json\/wp\/v2\/pages"}],"about":[{"href":"https:\/\/dermissima.pt\/home\/wp-json\/wp\/v2\/types\/page"}],"author":[{"embeddable":true,"href":"https:\/\/dermissima.pt\/home\/wp-json\/wp\/v2\/users\/1"}],"replies":[{"embeddable":true,"href":"https:\/\/dermissima.pt\/home\/wp-json\/wp\/v2\/comments?post=416"}],"version-history":[{"count":5,"href":"https:\/\/dermissima.pt\/home\/wp-json\/wp\/v2\/pages\/416\/revisions"}],"predecessor-version":[{"id":646,"href":"https:\/\/dermissima.pt\/home\/wp-json\/wp\/v2\/pages\/416\/revisions\/646"}],"wp:attachment":[{"href":"https:\/\/dermissima.pt\/home\/wp-json\/wp\/v2\/media?parent=416"}],"curies":[{"name":"wp","href":"https:\/\/api.w.org\/{rel}","templated":true}]}}