{"id":523,"date":"2025-07-23T15:44:06","date_gmt":"2025-07-23T15:44:06","guid":{"rendered":"https:\/\/dermissima.pt\/home\/?page_id=523"},"modified":"2025-07-23T23:04:37","modified_gmt":"2025-07-23T23:04:37","slug":"tratamentos-de-corpo","status":"publish","type":"page","link":"https:\/\/dermissima.pt\/home\/tratamentos-de-corpo\/","title":{"rendered":"Tratamentos de Corpo"},"content":{"rendered":"\n\n\n<p style=\"color: rgb(255, 255, 255);\">Dispomos de tratamentos corporais para quem pretende reduzir gordura localizada, melhorar o aspeto da celulite e combater a flacidez da pele. Utilizamos t\u00e9cnicas como a cavita\u00e7\u00e3o, radiofrequ\u00eancia e vacuoterapia para promover resultados vis\u00edveis, seguros e personalizados.<\/p>\n\n\n\n\n<p style=\"text-align: justify;\"><span style=\"text-align: center; color: rgb(255, 255, 255);\">A cavita\u00e7\u00e3o \u00e9 um tratamento n\u00e3o invasivo que utiliza ondas\nde ultrassom para formar microbolhas que rompem as membranas das c\u00e9lulas\nadiposas (gordura), permitindo que esta seja eliminada pelo organismo atrav\u00e9s\nda circula\u00e7\u00e3o sangu\u00ednea e linf\u00e1tica.<\/span><\/p>\n\n\n<p style=\"text-align: justify;\"><span style=\"text-align: center; color: rgb(255, 255, 255);\">A radiofrequ\u00eancia aquece as camadas mais profundas da pele. Esta\ntecnologia estimula a produ\u00e7\u00e3o de col\u00e1geno &#8211; resulta na melhoria da firmeza e\nelasticidade dos tecidos, provoca lip\u00f3lise do adip\u00f3cito &#8211; redu\u00e7\u00e3o do tamanho\ndas c\u00e9lulas de gordura e como tal do volume, melhora a circula\u00e7\u00e3o e atenua\nestrias.<\/span><\/p>\n\n\n<span style=\"color:#ffffff;\"><p style=\"text-align: justify;\">A vacuoterapia utiliza o v\u00e1cuo para criar suc\u00e7\u00e3o suave sobre a pele, promovendo a drenagem linf\u00e1tica e a quebra das fibroses de celulite. Esta t\u00e9cnica tamb\u00e9m ativa a circula\u00e7\u00e3o sangu\u00ednea.<\/p><p style=\"text-align: justify;\">O n\u00famero de sess\u00f5es necess\u00e1rias de cada tratamento depende de v\u00e1rios fatores.<\/p><p style=\"text-align: justify;\">Em consulta \u00e9 realizada a avalia\u00e7\u00e3o do cliente e elaborado em conjunto um plano de tratamentos adequado e direcionados \u00e0s suas necessidades e objetivos.<\/p><\/span><p style=\"text-align: justify;\"><\/p>\n\n\n","protected":false},"excerpt":{"rendered":"","protected":false},"author":1,"featured_media":0,"parent":0,"menu_order":0,"comment_status":"closed","ping_status":"closed","template":"","meta":{"pagelayer_contact_templates":[],"_pagelayer_content":"","footnotes":""},"class_list":["post-523","page","type-page","status-publish","hentry"],"_links":{"self":[{"href":"https:\/\/dermissima.pt\/home\/wp-json\/wp\/v2\/pages\/523","targetHints":{"allow":["GET"]}}],"collection":[{"href":"https:\/\/dermissima.pt\/home\/wp-json\/wp\/v2\/pages"}],"about":[{"href":"https:\/\/dermissima.pt\/home\/wp-json\/wp\/v2\/types\/page"}],"author":[{"embeddable":true,"href":"https:\/\/dermissima.pt\/home\/wp-json\/wp\/v2\/users\/1"}],"replies":[{"embeddable":true,"href":"https:\/\/dermissima.pt\/home\/wp-json\/wp\/v2\/comments?post=523"}],"version-history":[{"count":7,"href":"https:\/\/dermissima.pt\/home\/wp-json\/wp\/v2\/pages\/523\/revisions"}],"predecessor-version":[{"id":659,"href":"https:\/\/dermissima.pt\/home\/wp-json\/wp\/v2\/pages\/523\/revisions\/659"}],"wp:attachment":[{"href":"https:\/\/dermissima.pt\/home\/wp-json\/wp\/v2\/media?parent=523"}],"curies":[{"name":"wp","href":"https:\/\/api.w.org\/{rel}","templated":true}]}}