{"id":56,"date":"2024-10-07T17:19:47","date_gmt":"2024-10-07T17:19:47","guid":{"rendered":"https:\/\/dermissima.pt\/home\/?page_id=56"},"modified":"2025-07-23T19:32:30","modified_gmt":"2025-07-23T19:32:30","slug":"a-equipa","status":"publish","type":"page","link":"https:\/\/dermissima.pt\/home\/a-equipa\/","title":{"rendered":"A Equipa"},"content":{"rendered":"\n\n\n<strong style=\"color: rgb(255, 255, 255);\">Enfermeira<\/strong>\n\n\n<span style=\"color:#ffffff;\"><p style=\"text-align: justify;\">Sou a Andreia, Filipa para a fam\u00edlia e Ginny para alguns amigos. Tenho 29 anos e vivo em Monte Redondo.<\/p><p style=\"text-align: justify;\">Quando comecei a pensar no meu futuro profissional, incerta do que seria, apenas sabia uma coisa: tinha de estar relacionado com ajudar os outros.<\/p><p style=\"text-align: justify;\">Em 2014 iniciei a minha licenciatura em Enfermagem, onde, ao longo de quatro anos, aprendi o que \u00e9 ser enfermeira e o que realmente significa cuidar da pessoa ao longo de toda a sua vida. Obtive conhecimentos te\u00f3ricos e pr\u00e1ticos, desenvolvi o racioc\u00ednio cl\u00ednico e pensamento cr\u00edtico assim como a pr\u00e1tica baseada na evid\u00eancia cient\u00edfica. Tudo isto sem descurar o foco do meu cuidado: a pessoa no seu todo.<\/p><p style=\"text-align: justify;\">Iniciei fun\u00e7\u00f5es como enfermeira em 2018 em unidades de cuidados continuados e em estruturas residenciais para pessoas idosas.<\/p><p style=\"text-align: justify;\">Por valorizar a complexidade do ser humano, do seu meio envolvente e como este afeta as suas decis\u00f5es na sa\u00fade\/doen\u00e7a optei por integrar o mestrado de Enfermagem de Sa\u00fade Comunit\u00e1ria na \u00e1rea de Enfermagem de Sa\u00fade Familiar em 2019, mantendo o exerc\u00edcio profissional durante os dois anos de mestrado.<\/p><p style=\"text-align: justify;\">Adoro ser enfermeira e cuidar, no entanto, senti a necessidade de novos desafios. Decidi ent\u00e3o realizar o Master em Est\u00e9tica Avan\u00e7ada.&nbsp;<\/p><p style=\"text-align: justify;\">Na \u00e1rea da est\u00e9tica vejo a oportunidade de continuar a promover e contribuir para a sa\u00fade das pessoas. Como algu\u00e9m que experienciou o que \u00e9 viver com acne, valorizo o quanto as afe\u00e7\u00f5es cut\u00e2neas podem ter impacto na nossa vida em diversos n\u00edveis. Quando recorrer a mim, pode saber que vou ter em grande considera\u00e7\u00e3o o motivo pelo qual requisitou os meus servi\u00e7os e em conjunto, vamos compreender quais os fatores que est\u00e3o a contribuir para as suas queixas e como podemos melhorar a sua sa\u00fade, nomeadamente a da sua pele, que tantas vezes \u00e9 descurada.<\/p><\/span><p style=\"text-align: justify;\"><\/p>\n\n\n\n\n<strong style=\"color: rgb(255, 255, 255);\">Enfermeira<\/strong>\n\n\n<span style=\"color:#ffffff;\"><p style=\"text-align: justify;\">Sou a Carina, nasci em 1989, e sou natural de Monte Redondo.<\/p><p style=\"text-align: justify;\">Para al\u00e9m de Enfermeira, sou Formadora e T\u00e9cnica Superior de Seguran\u00e7a no Trabalho (TSST).<\/p><p style=\"text-align: justify;\">Iniciei o meu percurso acad\u00e9mico pela licenciatura em Biomec\u00e2nica, mas, insatisfeita, decidi procurar um curso mais relacionado com a sa\u00fade, e, fortemente influenciada por colegas do antigo curso e juntamente com as mesmas, tornei-me Enfermeira.<\/p><p style=\"text-align: justify;\">Contudo, quatro anos volvidos de muito estudo e dedica\u00e7\u00e3o n\u00e3o culminaram no emprego como Enfermeira com que eu ambicionava. Est\u00e1vamos em 2014, poucas oportunidades de emprego e a maioria dos meus colegas procurou trabalho fora do pa\u00eds. Trabalhei como Enfermeira, em part-time, que conciliei com diversas forma\u00e7\u00f5es, entre as quais a de Formadora, at\u00e9 iniciar o meu percurso na Medicina do Trabalho, como Enfermeira e condutora de uma unidade m\u00f3vel. Continuando nesta \u00e1rea, em finais de 2015 formei-me como TSST, trabalhando como tal, na \u00e1rea dos acidentes de trabalho, at\u00e9 2023.<\/p><p style=\"text-align: justify;\">Desde 2019 at\u00e9 finais de 2023 tamb\u00e9m ministrei unidades de forma\u00e7\u00e3o relacionadas com a sa\u00fade como parte integrante de cursos de est\u00e9tica.<\/p><p style=\"text-align: justify;\">2020 &#8211; veio a pandemia, diminuiu o trabalho como TSST, e, com a car\u00eancia de profissionais de sa\u00fade, surgiu o apelo para regressar \u00e0 Enfermagem. Decidi integrar onde o r\u00e1cio de enfermeiros se encontrava igualmente fragilizado \u2013 uma estrutura residencial para pessoas idosas. Aqui, o contacto com a popula\u00e7\u00e3o idosa foi o ponto de viragem para decidir continuar o meu percurso como Enfermeira.<\/p><p style=\"text-align: justify;\">Todavia, tal como acontece desde que terminei a minha licenciatura, o gosto e o contacto por novas \u00e1reas durante o meu percurso, quer profissional, quer pessoal, e o acesso a experi\u00eancias positivas, levou-me a enveredar por novas \u00e1reas: primeiramente a drenagem linf\u00e1tica e, seguidamente, a epila\u00e7\u00e3o a laser.<\/p><p style=\"text-align: justify;\">O gosto pelos cuidados ao p\u00e9 surgiu pelo contacto com a popula\u00e7\u00e3o idosa, grupo bastante afetado por altera\u00e7\u00f5es nesta regi\u00e3o anat\u00f3mica, o que me conduziu \u00e0 busca incessante de mais conhecimento atrav\u00e9s de v\u00e1rias forma\u00e7\u00f5es nesta \u00e1rea.<\/p><p style=\"text-align: justify;\">E, como forma de reunir todo o conhecimento adquirido, surgiu o projeto Derm\u00edssima, projeto esse que partilho com muito orgulho com a Andreia e com a Eliana.<\/p><\/span><p style=\"text-align: justify;\"><\/p>\n\n\n\n\n<strong style=\"color: rgb(255, 255, 255);\">Fisioterapeuta<\/strong>\n\n\n<span style=\"color:#ffffff;\"><p style=\"text-align: justify;\">Sou a Eliana, tenho 30 anos, natural de Monte Redondo, Leiria.<\/p><p style=\"text-align: justify;\">Por ser apaixonada pelo contacto com pessoas bem como pela resolu\u00e7\u00e3o de desafios, decidi ingressar no curso de fisioterapia, em 2013.<\/p><p style=\"text-align: justify;\">A minha experi\u00eancia pessoal no escutismo, teatro e dan\u00e7a constru\u00edram um gosto inigual\u00e1vel com a comunica\u00e7\u00e3o interpessoal.&nbsp;<\/p><p style=\"text-align: justify;\">Tamb\u00e9m diversas oportunidades profissionais como o trabalho em cl\u00ednicas privadas e convencionais, passando por cuidados continuados, fizeram com que a paix\u00e3o de tratar pessoas fosse cada vez maior. Tive adicionalmente o privil\u00e9gio de realizar um est\u00e1gio no contexto de Erasmus num pa\u00eds totalmente diferente, o que permitiu alargar os meus horizontes tanto enquanto fisioterapeuta, bem como enquanto pessoa.<\/p><p style=\"text-align: justify;\">Priorizo olhar para cada utente como um todo e, deste modo, na minha pr\u00e1tica cl\u00ednica dou especial aten\u00e7\u00e3o a tudo o que envolve a verdadeira raz\u00e3o pela qual me procuram.<\/p><p style=\"text-align: justify;\">Tenho especial carinho pela \u00e1rea da Terapia Manual e do Exerc\u00edcio Terap\u00eautico, nunca descurando os fatores emocionais e contextuais de cada pessoa que passa por mim.&nbsp;<\/p><p style=\"text-align: justify;\">A maior recompensa que posso ter do meu trabalho \u00e9 o brilho sincero no olhar de quem se cruza comigo.<\/p><\/span><p style=\"text-align: justify;\"><\/p>\n\n\n\n<p>\u00a0 \u00a0<\/p>\n\n\n\n\n\n\n\n","protected":false},"excerpt":{"rendered":"","protected":false},"author":1,"featured_media":0,"parent":0,"menu_order":0,"comment_status":"closed","ping_status":"closed","template":"","meta":{"pagelayer_contact_templates":[],"_pagelayer_content":"","footnotes":""},"class_list":["post-56","page","type-page","status-publish","hentry"],"_links":{"self":[{"href":"https:\/\/dermissima.pt\/home\/wp-json\/wp\/v2\/pages\/56","targetHints":{"allow":["GET"]}}],"collection":[{"href":"https:\/\/dermissima.pt\/home\/wp-json\/wp\/v2\/pages"}],"about":[{"href":"https:\/\/dermissima.pt\/home\/wp-json\/wp\/v2\/types\/page"}],"author":[{"embeddable":true,"href":"https:\/\/dermissima.pt\/home\/wp-json\/wp\/v2\/users\/1"}],"replies":[{"embeddable":true,"href":"https:\/\/dermissima.pt\/home\/wp-json\/wp\/v2\/comments?post=56"}],"version-history":[{"count":18,"href":"https:\/\/dermissima.pt\/home\/wp-json\/wp\/v2\/pages\/56\/revisions"}],"predecessor-version":[{"id":641,"href":"https:\/\/dermissima.pt\/home\/wp-json\/wp\/v2\/pages\/56\/revisions\/641"}],"wp:attachment":[{"href":"https:\/\/dermissima.pt\/home\/wp-json\/wp\/v2\/media?parent=56"}],"curies":[{"name":"wp","href":"https:\/\/api.w.org\/{rel}","templated":true}]}}